{"id":87519,"date":"2025-10-05T18:51:44","date_gmt":"2025-10-05T17:51:44","guid":{"rendered":"https:\/\/www.tremblaydefrance.fr\/?page_id=87519"},"modified":"2025-10-17T19:28:22","modified_gmt":"2025-10-17T18:28:22","slug":"87519-2","status":"publish","type":"page","link":"https:\/\/www.tremblaydefrance.fr\/?page_id=87519","title":{"rendered":"Bulletins"},"content":{"rendered":"\t\t<div data-elementor-type=\"wp-page\" data-elementor-id=\"87519\" class=\"elementor elementor-87519\">\n\t\t\t\t<div class=\"elementor-element elementor-element-26e94fe e-flex e-con-boxed e-con e-parent\" data-id=\"26e94fe\" data-element_type=\"container\" data-e-type=\"container\">\n\t\t\t\t\t<div class=\"e-con-inner\">\n\t\t\t\t<div class=\"elementor-element elementor-element-f5b3682 elementor-widget elementor-widget-heading\" data-id=\"f5b3682\" data-element_type=\"widget\" data-e-type=\"widget\" data-widget_type=\"heading.default\">\n\t\t\t\t<div class=\"elementor-widget-container\">\n\t\t\t\t\t<h2 class=\"elementor-heading-title elementor-size-default\">Bulletins<\/h2>\t\t\t\t<\/div>\n\t\t\t\t<\/div>\n\t\t\t\t<div class=\"elementor-element elementor-element-30cb7d6 elementor-widget elementor-widget-text-editor\" data-id=\"30cb7d6\" data-element_type=\"widget\" data-e-type=\"widget\" data-widget_type=\"text-editor.default\">\n\t\t\t\t<div class=\"elementor-widget-container\">\n\t\t\t\t\t\t\t\t\t<p>L&rsquo;association publie plusieurs bulletins d&rsquo;informations pour ses adh\u00e9rents par an (vie de l&rsquo;association, comptes rendus d&rsquo;AG, prochains \u00e9v\u00e8nements&#8230;). Vous trouverez ci-dessous la derni\u00e8re \u00e9dition du bulletin. Si vous souhaitez retrouver un bulletin ant\u00e9rieur, nous vous invitons \u00e0 nous contacter via la rubrique \u00ab\u00a0Contact\u00a0\u00bb.<\/p>\t\t\t\t\t\t\t\t<\/div>\n\t\t\t\t<\/div>\n\t\t\t\t\t<\/div>\n\t\t\t\t<\/div>\n\t\t<div class=\"elementor-element elementor-element-20deca9 e-flex e-con-boxed e-con e-parent\" data-id=\"20deca9\" data-element_type=\"container\" data-e-type=\"container\">\n\t\t\t\t\t<div class=\"e-con-inner\">\n\t\t\t\t<div class=\"elementor-element elementor-element-d5329d0 elementor-widget elementor-widget-pdf_smart_viewer\" data-id=\"d5329d0\" data-element_type=\"widget\" data-e-type=\"widget\" data-widget_type=\"pdf_smart_viewer.default\">\n\t\t\t\t<div class=\"elementor-widget-container\">\n\t\t\t\t\t        <div class=\"epsv-container\" id=\"epsv-d5329d0\"\n            data-pdf-url=\"https:\/\/www.tremblaydefrance.fr\/wp-content\/uploads\/2025\/10\/83-final-PDF.pdf\"\n            data-widget-id=\"d5329d0\"\n            data-initial-zoom=\"0.75\"\n            data-show-zoom=\"true\"\n            data-show-fullscreen=\"true\"\n            data-show-download=\"true\"\n            data-show-print=\"true\"\n            data-show-page-info=\"true\">\n\n            <div class=\"epsv-viewer\">\n                <canvas class=\"epsv-canvas\"><\/canvas>\n                <div class=\"epsv-loading\">\n                    <div class=\"epsv-spinner\"><\/div>\n                    <p>Loading PDF...<\/p>\n                <\/div>\n                <div class=\"epsv-error\" style=\"display: none;\">\n                    <p>Error loading PDF. Please check the URL or file.<\/p>\n                <\/div>\n            <\/div>\n\n                            <div class=\"epsv-controls\">\n                    <div class=\"epsv-controls-left\">\n                        <button class=\"epsv-btn epsv-zoom-out\" title=\"Zoom Out\">\n                            <span class=\"epsv-icon\">\u2212<\/span>\n                        <\/button>\n                        <button class=\"epsv-btn epsv-zoom-in\" title=\"Zoom In\">\n                            <span class=\"epsv-icon\">+<\/span>\n                        <\/button>\n                    <\/div>\n                    <div class=\"epsv-controls-center\">\n                        <button class=\"epsv-btn epsv-prev\" title=\"Previous Page\">\n                            <span class=\"epsv-icon\">&#8592;<\/span>\n                        <\/button>\n                                                    <div class=\"epsv-page-info\">\n                                <span class=\"epsv-page-current\">1<\/span>\n                                <span class=\"epsv-page-separator\">\/<\/span>\n                                <span class=\"epsv-page-total\">1<\/span>\n                            <\/div>\n                                                <button class=\"epsv-btn epsv-next\" title=\"Next Page\">\n                            <span class=\"epsv-icon\">&#8594;<\/span>\n                        <\/button>\n                    <\/div>\n                    <div class=\"epsv-controls-right\">\n                                                    <button class=\"epsv-btn epsv-fullscreen\" title=\"Fullscreen\">\n                                <span class=\"epsv-icon\">\u26f6<\/span>\n                            <\/button>\n                                                                            <button class=\"epsv-btn epsv-download\" title=\"Download\">\n                                <span class=\"epsv-icon\">\u2193<\/span>\n                            <\/button>\n                                                                            <button class=\"epsv-btn epsv-print\" title=\"Print\">\n                                <span class=\"epsv-icon\">\ud83d\udda8<\/span>\n                            <\/button>\n                                            <\/div>\n                <\/div>\n                    <\/div>\n        \t\t\t\t<\/div>\n\t\t\t\t<\/div>\n\t\t\t\t<div class=\"elementor-element elementor-element-67ec096 elementor-widget-divider--view-line elementor-widget elementor-widget-divider\" data-id=\"67ec096\" data-element_type=\"widget\" data-e-type=\"widget\" data-widget_type=\"divider.default\">\n\t\t\t\t<div class=\"elementor-widget-container\">\n\t\t\t\t\t\t\t<div class=\"elementor-divider\">\n\t\t\t<span class=\"elementor-divider-separator\">\n\t\t\t\t\t\t<\/span>\n\t\t<\/div>\n\t\t\t\t\t\t<\/div>\n\t\t\t\t<\/div>\n\t\t\t\t\t<\/div>\n\t\t\t\t<\/div>\n\t\t<div class=\"elementor-element elementor-element-9ce658e e-grid e-con-boxed e-con e-parent\" data-id=\"9ce658e\" data-element_type=\"container\" data-e-type=\"container\">\n\t\t\t\t\t<div class=\"e-con-inner\">\n\t\t\t\t<div class=\"elementor-element elementor-element-40e6e5e elementor-widget elementor-widget-image\" data-id=\"40e6e5e\" data-element_type=\"widget\" data-e-type=\"widget\" data-widget_type=\"image.default\">\n\t\t\t\t<div class=\"elementor-widget-container\">\n\t\t\t\t\t\t\t\t\t\t\t\t\t\t\t<img fetchpriority=\"high\" decoding=\"async\" width=\"724\" height=\"1024\" src=\"https:\/\/www.tremblaydefrance.fr\/wp-content\/uploads\/2025\/10\/82P1_page-0001-724x1024.jpg\" class=\"attachment-large size-large wp-image-87711\" alt=\"\" srcset=\"https:\/\/www.tremblaydefrance.fr\/wp-content\/uploads\/2025\/10\/82P1_page-0001-724x1024.jpg 724w, https:\/\/www.tremblaydefrance.fr\/wp-content\/uploads\/2025\/10\/82P1_page-0001-212x300.jpg 212w, https:\/\/www.tremblaydefrance.fr\/wp-content\/uploads\/2025\/10\/82P1_page-0001-768x1086.jpg 768w, https:\/\/www.tremblaydefrance.fr\/wp-content\/uploads\/2025\/10\/82P1_page-0001-1086x1536.jpg 1086w, https:\/\/www.tremblaydefrance.fr\/wp-content\/uploads\/2025\/10\/82P1_page-0001.jpg 1241w\" sizes=\"(max-width: 724px) 100vw, 724px\" \/>\t\t\t\t\t\t\t\t\t\t\t\t\t\t\t<\/div>\n\t\t\t\t<\/div>\n\t\t\t\t<div class=\"elementor-element elementor-element-8062a89 elementor-widget elementor-widget-image\" data-id=\"8062a89\" data-element_type=\"widget\" data-e-type=\"widget\" data-widget_type=\"image.default\">\n\t\t\t\t<div class=\"elementor-widget-container\">\n\t\t\t\t\t\t\t\t\t\t\t\t\t\t\t<img decoding=\"async\" width=\"724\" height=\"1024\" src=\"https:\/\/www.tremblaydefrance.fr\/wp-content\/uploads\/2025\/10\/page-n-1_page-0001-724x1024.jpg\" class=\"attachment-large size-large wp-image-87712\" alt=\"\" srcset=\"https:\/\/www.tremblaydefrance.fr\/wp-content\/uploads\/2025\/10\/page-n-1_page-0001-724x1024.jpg 724w, https:\/\/www.tremblaydefrance.fr\/wp-content\/uploads\/2025\/10\/page-n-1_page-0001-212x300.jpg 212w, https:\/\/www.tremblaydefrance.fr\/wp-content\/uploads\/2025\/10\/page-n-1_page-0001-768x1086.jpg 768w, https:\/\/www.tremblaydefrance.fr\/wp-content\/uploads\/2025\/10\/page-n-1_page-0001-1086x1536.jpg 1086w, https:\/\/www.tremblaydefrance.fr\/wp-content\/uploads\/2025\/10\/page-n-1_page-0001.jpg 1241w\" sizes=\"(max-width: 724px) 100vw, 724px\" \/>\t\t\t\t\t\t\t\t\t\t\t\t\t\t\t<\/div>\n\t\t\t\t<\/div>\n\t\t\t\t<div class=\"elementor-element elementor-element-fed9c6e elementor-widget elementor-widget-image\" data-id=\"fed9c6e\" data-element_type=\"widget\" data-e-type=\"widget\" data-widget_type=\"image.default\">\n\t\t\t\t<div class=\"elementor-widget-container\">\n\t\t\t\t\t\t\t\t\t\t\t\t\t\t\t<img decoding=\"async\" width=\"724\" height=\"1024\" src=\"https:\/\/www.tremblaydefrance.fr\/wp-content\/uploads\/2025\/10\/page-n-1-v2_page-0001-724x1024.jpg\" class=\"attachment-large size-large wp-image-87713\" alt=\"\" srcset=\"https:\/\/www.tremblaydefrance.fr\/wp-content\/uploads\/2025\/10\/page-n-1-v2_page-0001-724x1024.jpg 724w, https:\/\/www.tremblaydefrance.fr\/wp-content\/uploads\/2025\/10\/page-n-1-v2_page-0001-212x300.jpg 212w, https:\/\/www.tremblaydefrance.fr\/wp-content\/uploads\/2025\/10\/page-n-1-v2_page-0001-768x1086.jpg 768w, https:\/\/www.tremblaydefrance.fr\/wp-content\/uploads\/2025\/10\/page-n-1-v2_page-0001-1086x1536.jpg 1086w, https:\/\/www.tremblaydefrance.fr\/wp-content\/uploads\/2025\/10\/page-n-1-v2_page-0001.jpg 1241w\" sizes=\"(max-width: 724px) 100vw, 724px\" \/>\t\t\t\t\t\t\t\t\t\t\t\t\t\t\t<\/div>\n\t\t\t\t<\/div>\n\t\t\t\t<div class=\"elementor-element elementor-element-b7d82e0 elementor-widget elementor-widget-image\" data-id=\"b7d82e0\" data-element_type=\"widget\" data-e-type=\"widget\" data-widget_type=\"image.default\">\n\t\t\t\t<div class=\"elementor-widget-container\">\n\t\t\t\t\t\t\t\t\t\t\t\t\t\t\t<img loading=\"lazy\" decoding=\"async\" width=\"725\" height=\"1024\" src=\"https:\/\/www.tremblaydefrance.fr\/wp-content\/uploads\/2025\/10\/page-n-1_page-00011-725x1024.jpg\" class=\"attachment-large size-large wp-image-87714\" alt=\"\" srcset=\"https:\/\/www.tremblaydefrance.fr\/wp-content\/uploads\/2025\/10\/page-n-1_page-00011-725x1024.jpg 725w, https:\/\/www.tremblaydefrance.fr\/wp-content\/uploads\/2025\/10\/page-n-1_page-00011-212x300.jpg 212w, https:\/\/www.tremblaydefrance.fr\/wp-content\/uploads\/2025\/10\/page-n-1_page-00011-768x1085.jpg 768w, https:\/\/www.tremblaydefrance.fr\/wp-content\/uploads\/2025\/10\/page-n-1_page-00011-1087x1536.jpg 1087w, https:\/\/www.tremblaydefrance.fr\/wp-content\/uploads\/2025\/10\/page-n-1_page-00011.jpg 1241w\" sizes=\"(max-width: 725px) 100vw, 725px\" \/>\t\t\t\t\t\t\t\t\t\t\t\t\t\t\t<\/div>\n\t\t\t\t<\/div>\n\t\t\t\t\t<\/div>\n\t\t\t\t<\/div>\n\t\t\t\t<\/div>\n\t\t","protected":false},"excerpt":{"rendered":"<p>Bulletins L&rsquo;association publie deux \u00e0 trois bulletins par ann\u00e9e qui sont adress\u00e9s aux adh\u00e9rents. Vous trouverez sur notre site les quatre derniers num\u00e9ros.<\/p>\n","protected":false},"author":2,"featured_media":0,"parent":0,"menu_order":0,"comment_status":"closed","ping_status":"closed","template":"elementor_header_footer","meta":{"footnotes":""},"class_list":["post-87519","page","type-page","status-publish","hentry"],"yoast_head":"<!-- This site is optimized with the Yoast SEO plugin v26.4 - https:\/\/yoast.com\/wordpress\/plugins\/seo\/ -->\n<title>Bulletins - Tremblay de France<\/title>\n<meta name=\"description\" content=\"Bulletins\" \/>\n<meta name=\"robots\" content=\"index, follow, max-snippet:-1, max-image-preview:large, max-video-preview:-1\" \/>\n<link rel=\"canonical\" href=\"https:\/\/www.tremblaydefrance.fr\/?page_id=87519\" \/>\n<meta property=\"og:locale\" content=\"fr_FR\" \/>\n<meta property=\"og:type\" content=\"article\" \/>\n<meta property=\"og:title\" content=\"Bulletins - Tremblay de France\" \/>\n<meta property=\"og:description\" content=\"Bulletins\" \/>\n<meta property=\"og:url\" content=\"https:\/\/www.tremblaydefrance.fr\/?page_id=87519\" \/>\n<meta property=\"article:publisher\" content=\"https:\/\/www.facebook.com\/profile.php?id=100091318592407\" \/>\n<meta property=\"article:modified_time\" content=\"2025-10-17T18:28:22+00:00\" \/>\n<meta name=\"twitter:card\" content=\"summary_large_image\" \/>\n<script type=\"application\/ld+json\" class=\"yoast-schema-graph\">{\"@context\":\"https:\/\/schema.org\",\"@graph\":[{\"@type\":\"WebPage\",\"@id\":\"https:\/\/www.tremblaydefrance.fr\/?page_id=87519\",\"url\":\"https:\/\/www.tremblaydefrance.fr\/?page_id=87519\",\"name\":\"Bulletins - Tremblay de France\",\"isPartOf\":{\"@id\":\"https:\/\/www.tremblaydefrance.fr\/#website\"},\"datePublished\":\"2025-10-05T17:51:44+00:00\",\"dateModified\":\"2025-10-17T18:28:22+00:00\",\"description\":\"Bulletins\",\"breadcrumb\":{\"@id\":\"https:\/\/www.tremblaydefrance.fr\/?page_id=87519#breadcrumb\"},\"inLanguage\":\"fr-FR\",\"potentialAction\":[{\"@type\":\"ReadAction\",\"target\":[\"https:\/\/www.tremblaydefrance.fr\/?page_id=87519\"]}]},{\"@type\":\"BreadcrumbList\",\"@id\":\"https:\/\/www.tremblaydefrance.fr\/?page_id=87519#breadcrumb\",\"itemListElement\":[{\"@type\":\"ListItem\",\"position\":1,\"name\":\"Accueil\",\"item\":\"https:\/\/www.tremblaydefrance.fr\/\"},{\"@type\":\"ListItem\",\"position\":2,\"name\":\"Bulletins\"}]},{\"@type\":\"WebSite\",\"@id\":\"https:\/\/www.tremblaydefrance.fr\/#website\",\"url\":\"https:\/\/www.tremblaydefrance.fr\/\",\"name\":\"Association des Tremblay de France\",\"description\":\"ASSOCIATION DES TREMBLAY DE FRANCE\",\"publisher\":{\"@id\":\"https:\/\/www.tremblaydefrance.fr\/#organization\"},\"alternateName\":\"ATF\",\"potentialAction\":[{\"@type\":\"SearchAction\",\"target\":{\"@type\":\"EntryPoint\",\"urlTemplate\":\"https:\/\/www.tremblaydefrance.fr\/?s={search_term_string}\"},\"query-input\":{\"@type\":\"PropertyValueSpecification\",\"valueRequired\":true,\"valueName\":\"search_term_string\"}}],\"inLanguage\":\"fr-FR\"},{\"@type\":\"Organization\",\"@id\":\"https:\/\/www.tremblaydefrance.fr\/#organization\",\"name\":\"Association des Tremblay de France\",\"alternateName\":\"ATF\",\"url\":\"https:\/\/www.tremblaydefrance.fr\/\",\"logo\":{\"@type\":\"ImageObject\",\"inLanguage\":\"fr-FR\",\"@id\":\"https:\/\/www.tremblaydefrance.fr\/#\/schema\/logo\/image\/\",\"url\":\"https:\/\/www.tremblaydefrance.fr\/wp-content\/uploads\/2025\/10\/cropped-v266-20060023-A_arms_TEVSB.jpg\",\"contentUrl\":\"https:\/\/www.tremblaydefrance.fr\/wp-content\/uploads\/2025\/10\/cropped-v266-20060023-A_arms_TEVSB.jpg\",\"width\":484,\"height\":495,\"caption\":\"Association des Tremblay de France\"},\"image\":{\"@id\":\"https:\/\/www.tremblaydefrance.fr\/#\/schema\/logo\/image\/\"},\"sameAs\":[\"https:\/\/www.facebook.com\/profile.php?id=100091318592407\",\"https:\/\/www.instagram.com\/les_tremblay_de_france_atf\/\"]}]}<\/script>\n<!-- \/ Yoast SEO plugin. -->","yoast_head_json":{"title":"Bulletins - Tremblay de France","description":"Bulletins","robots":{"index":"index","follow":"follow","max-snippet":"max-snippet:-1","max-image-preview":"max-image-preview:large","max-video-preview":"max-video-preview:-1"},"canonical":"https:\/\/www.tremblaydefrance.fr\/?page_id=87519","og_locale":"fr_FR","og_type":"article","og_title":"Bulletins - Tremblay de France","og_description":"Bulletins","og_url":"https:\/\/www.tremblaydefrance.fr\/?page_id=87519","article_publisher":"https:\/\/www.facebook.com\/profile.php?id=100091318592407","article_modified_time":"2025-10-17T18:28:22+00:00","twitter_card":"summary_large_image","schema":{"@context":"https:\/\/schema.org","@graph":[{"@type":"WebPage","@id":"https:\/\/www.tremblaydefrance.fr\/?page_id=87519","url":"https:\/\/www.tremblaydefrance.fr\/?page_id=87519","name":"Bulletins - Tremblay de France","isPartOf":{"@id":"https:\/\/www.tremblaydefrance.fr\/#website"},"datePublished":"2025-10-05T17:51:44+00:00","dateModified":"2025-10-17T18:28:22+00:00","description":"Bulletins","breadcrumb":{"@id":"https:\/\/www.tremblaydefrance.fr\/?page_id=87519#breadcrumb"},"inLanguage":"fr-FR","potentialAction":[{"@type":"ReadAction","target":["https:\/\/www.tremblaydefrance.fr\/?page_id=87519"]}]},{"@type":"BreadcrumbList","@id":"https:\/\/www.tremblaydefrance.fr\/?page_id=87519#breadcrumb","itemListElement":[{"@type":"ListItem","position":1,"name":"Accueil","item":"https:\/\/www.tremblaydefrance.fr\/"},{"@type":"ListItem","position":2,"name":"Bulletins"}]},{"@type":"WebSite","@id":"https:\/\/www.tremblaydefrance.fr\/#website","url":"https:\/\/www.tremblaydefrance.fr\/","name":"Association des Tremblay de France","description":"ASSOCIATION DES TREMBLAY DE FRANCE","publisher":{"@id":"https:\/\/www.tremblaydefrance.fr\/#organization"},"alternateName":"ATF","potentialAction":[{"@type":"SearchAction","target":{"@type":"EntryPoint","urlTemplate":"https:\/\/www.tremblaydefrance.fr\/?s={search_term_string}"},"query-input":{"@type":"PropertyValueSpecification","valueRequired":true,"valueName":"search_term_string"}}],"inLanguage":"fr-FR"},{"@type":"Organization","@id":"https:\/\/www.tremblaydefrance.fr\/#organization","name":"Association des Tremblay de France","alternateName":"ATF","url":"https:\/\/www.tremblaydefrance.fr\/","logo":{"@type":"ImageObject","inLanguage":"fr-FR","@id":"https:\/\/www.tremblaydefrance.fr\/#\/schema\/logo\/image\/","url":"https:\/\/www.tremblaydefrance.fr\/wp-content\/uploads\/2025\/10\/cropped-v266-20060023-A_arms_TEVSB.jpg","contentUrl":"https:\/\/www.tremblaydefrance.fr\/wp-content\/uploads\/2025\/10\/cropped-v266-20060023-A_arms_TEVSB.jpg","width":484,"height":495,"caption":"Association des Tremblay de France"},"image":{"@id":"https:\/\/www.tremblaydefrance.fr\/#\/schema\/logo\/image\/"},"sameAs":["https:\/\/www.facebook.com\/profile.php?id=100091318592407","https:\/\/www.instagram.com\/les_tremblay_de_france_atf\/"]}]}},"_links":{"self":[{"href":"https:\/\/www.tremblaydefrance.fr\/index.php?rest_route=\/wp\/v2\/pages\/87519","targetHints":{"allow":["GET"]}}],"collection":[{"href":"https:\/\/www.tremblaydefrance.fr\/index.php?rest_route=\/wp\/v2\/pages"}],"about":[{"href":"https:\/\/www.tremblaydefrance.fr\/index.php?rest_route=\/wp\/v2\/types\/page"}],"author":[{"embeddable":true,"href":"https:\/\/www.tremblaydefrance.fr\/index.php?rest_route=\/wp\/v2\/users\/2"}],"replies":[{"embeddable":true,"href":"https:\/\/www.tremblaydefrance.fr\/index.php?rest_route=%2Fwp%2Fv2%2Fcomments&post=87519"}],"version-history":[{"count":27,"href":"https:\/\/www.tremblaydefrance.fr\/index.php?rest_route=\/wp\/v2\/pages\/87519\/revisions"}],"predecessor-version":[{"id":87957,"href":"https:\/\/www.tremblaydefrance.fr\/index.php?rest_route=\/wp\/v2\/pages\/87519\/revisions\/87957"}],"wp:attachment":[{"href":"https:\/\/www.tremblaydefrance.fr\/index.php?rest_route=%2Fwp%2Fv2%2Fmedia&parent=87519"}],"curies":[{"name":"wp","href":"https:\/\/api.w.org\/{rel}","templated":true}]}}